{"id":656,"date":"2025-06-03T13:04:37","date_gmt":"2025-06-03T16:04:37","guid":{"rendered":"https:\/\/pntlubricantes.com.ar\/nuevacarp\/?page_id=656"},"modified":"2025-06-03T13:39:09","modified_gmt":"2025-06-03T16:39:09","slug":"nosotros","status":"publish","type":"page","link":"https:\/\/pntlubricantes.com.ar\/nuevacarp\/nosotros\/","title":{"rendered":"Nosotros"},"content":{"rendered":"\t\t<div data-elementor-type=\"wp-page\" data-elementor-id=\"656\" class=\"elementor elementor-656\" data-elementor-post-type=\"page\">\n\t\t\t\t<div class=\"elementor-element elementor-element-3547eaa e-flex e-con-boxed wpr-particle-no wpr-jarallax-no wpr-parallax-no wpr-sticky-section-no e-con e-parent\" data-id=\"3547eaa\" data-element_type=\"container\" data-settings=\"{&quot;background_background&quot;:&quot;classic&quot;}\">\n\t\t\t\t\t<div class=\"e-con-inner\">\n\t\t\t\t<div class=\"elementor-element elementor-element-bdd9003 elementor-widget elementor-widget-heading\" data-id=\"bdd9003\" data-element_type=\"widget\" data-widget_type=\"heading.default\">\n\t\t\t\t<div class=\"elementor-widget-container\">\n\t\t\t\t\t<h2 class=\"elementor-heading-title elementor-size-default\">Bienvenidos a PNT LUBRICANTES<\/h2>\t\t\t\t<\/div>\n\t\t\t\t<\/div>\n\t\t\t\t\t<\/div>\n\t\t\t\t<\/div>\n\t\t<div class=\"elementor-element elementor-element-fa933ed e-flex e-con-boxed wpr-particle-no wpr-jarallax-no wpr-parallax-no wpr-sticky-section-no e-con e-parent\" data-id=\"fa933ed\" data-element_type=\"container\" data-settings=\"{&quot;background_background&quot;:&quot;classic&quot;}\">\n\t\t\t\t\t<div class=\"e-con-inner\">\n\t\t<div class=\"elementor-element elementor-element-40ee4e2 e-con-full e-flex wpr-particle-no wpr-jarallax-no wpr-parallax-no wpr-sticky-section-no e-con e-child\" data-id=\"40ee4e2\" data-element_type=\"container\">\n\t\t\t\t<div class=\"elementor-element elementor-element-2f9a4ea elementor-widget elementor-widget-text-editor\" data-id=\"2f9a4ea\" data-element_type=\"widget\" data-widget_type=\"text-editor.default\">\n\t\t\t\t<div class=\"elementor-widget-container\">\n\t\t\t\t\t\t\t\t\t<p>Nuestra firma, pese a iniciar sus actividades en el a\u00f1o 1999 como\u00a0<strong>PNT LUBRICANTES<\/strong>, es una evoluci\u00f3n de la la marca de\u00a0<strong>Productos PENETRIT<\/strong>, una empresa familiar que fue transmitiendo su experiencia a varias generaciones, Abuelos, Hijos y Nietos.<\/p><p><strong>PNT LUBRICANTES<\/strong>\u00a0desarrolla una amplia l\u00ednea de productos, utilizando nuestras\u00a0<strong>F\u00f3rmulas Originales<\/strong>\u00a0de aquellos a\u00f1os, garantizando y mejorando los est\u00e1ndares de calidad que los usuarios ya conoc\u00edan y nos exigen d\u00eda a d\u00eda, a precios accesibles, con diferentes presentaciones que se adaptan al consumo y demanda de los mismos.<\/p><p>Desde principios del a\u00f1o 2009 fabricamos los envases pl\u00e1sticos, contamos con nuestra secci\u00f3n de litografiado, y llenamos la totalidad de nuestros aerosoles, de esta manera tenemos el estricto control del proceso productivo de nuestros productos.<\/p><p><strong>PNT LUBRICANTES<\/strong>, como Empresa Argentina de capitales nacionales, y gracias a la aceptaci\u00f3n de sus productos por lo descripto anteriormente (calidad, precio, asesoramiento, etc.) apoyamos el desarrollo de distintas actividades deportivas como ser: Turismo Carretera, Turismo Carretera Pista, TC Mouras, TC Pista Mouras, Top Race, Rally y otras categor\u00edas como el Turismo Nacional, Karting y Zonales, como as\u00ed tambi\u00e9n apoyamos la difusi\u00f3n de las mismas en medios especializados: Revistas, Televisi\u00f3n y Radio.<\/p><p><strong><em>Consultenos.<\/em><\/strong>\u00a0Atentamente quienes hacemos&#8230;<\/p><p><strong>PNT LUBRICANTES<\/strong><\/p>\t\t\t\t\t\t\t\t<\/div>\n\t\t\t\t<\/div>\n\t\t\t\t<\/div>\n\t\t<div class=\"elementor-element elementor-element-5e8965e e-con-full e-flex wpr-particle-no wpr-jarallax-no wpr-parallax-no wpr-sticky-section-no e-con e-child\" data-id=\"5e8965e\" data-element_type=\"container\">\n\t\t\t\t<div class=\"elementor-element elementor-element-8ab4b27 elementor-widget elementor-widget-image\" data-id=\"8ab4b27\" data-element_type=\"widget\" data-widget_type=\"image.default\">\n\t\t\t\t<div class=\"elementor-widget-container\">\n\t\t\t\t\t\t\t\t\t\t\t\t\t\t\t<img fetchpriority=\"high\" decoding=\"async\" width=\"900\" height=\"1600\" src=\"https:\/\/pntlubricantes.com.ar\/nuevacarp\/wp-content\/uploads\/2025\/06\/Imagen-de-WhatsApp-2025-06-03-a-las-13.02.52_cc07e8bd.jpg\" class=\"attachment-full size-full wp-image-660\" alt=\"\" srcset=\"https:\/\/pntlubricantes.com.ar\/nuevacarp\/wp-content\/uploads\/2025\/06\/Imagen-de-WhatsApp-2025-06-03-a-las-13.02.52_cc07e8bd.jpg 900w, https:\/\/pntlubricantes.com.ar\/nuevacarp\/wp-content\/uploads\/2025\/06\/Imagen-de-WhatsApp-2025-06-03-a-las-13.02.52_cc07e8bd-169x300.jpg 169w, https:\/\/pntlubricantes.com.ar\/nuevacarp\/wp-content\/uploads\/2025\/06\/Imagen-de-WhatsApp-2025-06-03-a-las-13.02.52_cc07e8bd-576x1024.jpg 576w, https:\/\/pntlubricantes.com.ar\/nuevacarp\/wp-content\/uploads\/2025\/06\/Imagen-de-WhatsApp-2025-06-03-a-las-13.02.52_cc07e8bd-768x1365.jpg 768w, https:\/\/pntlubricantes.com.ar\/nuevacarp\/wp-content\/uploads\/2025\/06\/Imagen-de-WhatsApp-2025-06-03-a-las-13.02.52_cc07e8bd-864x1536.jpg 864w, https:\/\/pntlubricantes.com.ar\/nuevacarp\/wp-content\/uploads\/2025\/06\/Imagen-de-WhatsApp-2025-06-03-a-las-13.02.52_cc07e8bd-600x1067.jpg 600w\" sizes=\"(max-width: 900px) 100vw, 900px\" \/>\t\t\t\t\t\t\t\t\t\t\t\t\t\t\t<\/div>\n\t\t\t\t<\/div>\n\t\t\t\t<\/div>\n\t\t\t\t\t<\/div>\n\t\t\t\t<\/div>\n\t\t<div class=\"elementor-element elementor-element-bb45846 e-flex e-con-boxed wpr-particle-no wpr-jarallax-no wpr-parallax-no wpr-sticky-section-no e-con e-parent\" data-id=\"bb45846\" data-element_type=\"container\" data-settings=\"{&quot;background_background&quot;:&quot;classic&quot;}\">\n\t\t\t\t\t<div class=\"e-con-inner\">\n\t\t<div class=\"elementor-element elementor-element-e465d53 e-con-full e-flex wpr-particle-no wpr-jarallax-no wpr-parallax-no wpr-sticky-section-no e-con e-child\" data-id=\"e465d53\" data-element_type=\"container\">\n\t\t\t\t<div class=\"elementor-element elementor-element-7edc176 elementor-widget elementor-widget-image\" data-id=\"7edc176\" data-element_type=\"widget\" data-widget_type=\"image.default\">\n\t\t\t\t<div class=\"elementor-widget-container\">\n\t\t\t\t\t\t\t\t\t\t\t\t\t\t\t<img decoding=\"async\" width=\"800\" height=\"450\" src=\"https:\/\/pntlubricantes.com.ar\/nuevacarp\/wp-content\/uploads\/2025\/06\/Imagen-de-WhatsApp-2025-06-03-a-las-13.02.49_e388c88f-1024x576.jpg\" class=\"attachment-large size-large wp-image-659\" alt=\"\" srcset=\"https:\/\/pntlubricantes.com.ar\/nuevacarp\/wp-content\/uploads\/2025\/06\/Imagen-de-WhatsApp-2025-06-03-a-las-13.02.49_e388c88f-1024x576.jpg 1024w, https:\/\/pntlubricantes.com.ar\/nuevacarp\/wp-content\/uploads\/2025\/06\/Imagen-de-WhatsApp-2025-06-03-a-las-13.02.49_e388c88f-300x169.jpg 300w, https:\/\/pntlubricantes.com.ar\/nuevacarp\/wp-content\/uploads\/2025\/06\/Imagen-de-WhatsApp-2025-06-03-a-las-13.02.49_e388c88f-768x432.jpg 768w, https:\/\/pntlubricantes.com.ar\/nuevacarp\/wp-content\/uploads\/2025\/06\/Imagen-de-WhatsApp-2025-06-03-a-las-13.02.49_e388c88f-1536x864.jpg 1536w, https:\/\/pntlubricantes.com.ar\/nuevacarp\/wp-content\/uploads\/2025\/06\/Imagen-de-WhatsApp-2025-06-03-a-las-13.02.49_e388c88f-600x338.jpg 600w, https:\/\/pntlubricantes.com.ar\/nuevacarp\/wp-content\/uploads\/2025\/06\/Imagen-de-WhatsApp-2025-06-03-a-las-13.02.49_e388c88f.jpg 1600w\" sizes=\"(max-width: 800px) 100vw, 800px\" \/>\t\t\t\t\t\t\t\t\t\t\t\t\t\t\t<\/div>\n\t\t\t\t<\/div>\n\t\t\t\t<\/div>\n\t\t<div class=\"elementor-element elementor-element-0ea7598 e-con-full e-flex wpr-particle-no wpr-jarallax-no wpr-parallax-no wpr-sticky-section-no e-con e-child\" data-id=\"0ea7598\" data-element_type=\"container\">\n\t\t\t\t<div class=\"elementor-element elementor-element-f0d0e08 elementor-widget elementor-widget-image\" data-id=\"f0d0e08\" data-element_type=\"widget\" data-widget_type=\"image.default\">\n\t\t\t\t<div class=\"elementor-widget-container\">\n\t\t\t\t\t\t\t\t\t\t\t\t\t\t\t<img decoding=\"async\" width=\"800\" height=\"450\" src=\"https:\/\/pntlubricantes.com.ar\/nuevacarp\/wp-content\/uploads\/2025\/06\/Imagen-de-WhatsApp-2025-06-03-a-las-13.02.54_17611833-1024x576.jpg\" class=\"attachment-large size-large wp-image-658\" alt=\"\" srcset=\"https:\/\/pntlubricantes.com.ar\/nuevacarp\/wp-content\/uploads\/2025\/06\/Imagen-de-WhatsApp-2025-06-03-a-las-13.02.54_17611833-1024x576.jpg 1024w, https:\/\/pntlubricantes.com.ar\/nuevacarp\/wp-content\/uploads\/2025\/06\/Imagen-de-WhatsApp-2025-06-03-a-las-13.02.54_17611833-300x169.jpg 300w, https:\/\/pntlubricantes.com.ar\/nuevacarp\/wp-content\/uploads\/2025\/06\/Imagen-de-WhatsApp-2025-06-03-a-las-13.02.54_17611833-768x432.jpg 768w, https:\/\/pntlubricantes.com.ar\/nuevacarp\/wp-content\/uploads\/2025\/06\/Imagen-de-WhatsApp-2025-06-03-a-las-13.02.54_17611833-1536x864.jpg 1536w, https:\/\/pntlubricantes.com.ar\/nuevacarp\/wp-content\/uploads\/2025\/06\/Imagen-de-WhatsApp-2025-06-03-a-las-13.02.54_17611833-600x338.jpg 600w, https:\/\/pntlubricantes.com.ar\/nuevacarp\/wp-content\/uploads\/2025\/06\/Imagen-de-WhatsApp-2025-06-03-a-las-13.02.54_17611833.jpg 1600w\" sizes=\"(max-width: 800px) 100vw, 800px\" \/>\t\t\t\t\t\t\t\t\t\t\t\t\t\t\t<\/div>\n\t\t\t\t<\/div>\n\t\t\t\t<\/div>\n\t\t\t\t\t<\/div>\n\t\t\t\t<\/div>\n\t\t\t\t<\/div>\n\t\t","protected":false},"excerpt":{"rendered":"<p>Bienvenidos a PNT LUBRICANTES Nuestra firma, pese a iniciar sus actividades en el a\u00f1o 1999 como\u00a0PNT LUBRICANTES, es una evoluci\u00f3n de la la marca de\u00a0Productos PENETRIT, una empresa familiar que fue transmitiendo su experiencia a varias generaciones, Abuelos, Hijos y Nietos. PNT LUBRICANTES\u00a0desarrolla una amplia l\u00ednea de productos, utilizando nuestras\u00a0F\u00f3rmulas Originales\u00a0de aquellos a\u00f1os, garantizando y mejorando los est\u00e1ndares de calidad que los usuarios ya conoc\u00edan y nos exigen d\u00eda a d\u00eda, a precios accesibles, con diferentes presentaciones que se adaptan al consumo y demanda de los mismos. Desde principios del a\u00f1o 2009 fabricamos los envases pl\u00e1sticos, contamos con nuestra secci\u00f3n de litografiado, y llenamos la totalidad de nuestros aerosoles, de esta manera tenemos el estricto control del proceso productivo de nuestros productos. PNT LUBRICANTES, como Empresa Argentina de capitales nacionales, y gracias a la aceptaci\u00f3n de sus productos por lo descripto anteriormente (calidad, precio, asesoramiento, etc.) apoyamos el desarrollo de distintas actividades deportivas como ser: Turismo Carretera, Turismo Carretera Pista, TC Mouras, TC Pista Mouras, Top Race, Rally y otras categor\u00edas como el Turismo Nacional, Karting y Zonales, como as\u00ed tambi\u00e9n apoyamos la difusi\u00f3n de las mismas en medios especializados: Revistas, Televisi\u00f3n y Radio. Consultenos.\u00a0Atentamente quienes hacemos&#8230; PNT LUBRICANTES<\/p>\n","protected":false},"author":1,"featured_media":0,"parent":0,"menu_order":0,"comment_status":"closed","ping_status":"closed","template":"elementor_header_footer","meta":{"footnotes":""},"class_list":["post-656","page","type-page","status-publish","hentry"],"_links":{"self":[{"href":"https:\/\/pntlubricantes.com.ar\/nuevacarp\/wp-json\/wp\/v2\/pages\/656","targetHints":{"allow":["GET"]}}],"collection":[{"href":"https:\/\/pntlubricantes.com.ar\/nuevacarp\/wp-json\/wp\/v2\/pages"}],"about":[{"href":"https:\/\/pntlubricantes.com.ar\/nuevacarp\/wp-json\/wp\/v2\/types\/page"}],"author":[{"embeddable":true,"href":"https:\/\/pntlubricantes.com.ar\/nuevacarp\/wp-json\/wp\/v2\/users\/1"}],"replies":[{"embeddable":true,"href":"https:\/\/pntlubricantes.com.ar\/nuevacarp\/wp-json\/wp\/v2\/comments?post=656"}],"version-history":[{"count":5,"href":"https:\/\/pntlubricantes.com.ar\/nuevacarp\/wp-json\/wp\/v2\/pages\/656\/revisions"}],"predecessor-version":[{"id":678,"href":"https:\/\/pntlubricantes.com.ar\/nuevacarp\/wp-json\/wp\/v2\/pages\/656\/revisions\/678"}],"wp:attachment":[{"href":"https:\/\/pntlubricantes.com.ar\/nuevacarp\/wp-json\/wp\/v2\/media?parent=656"}],"curies":[{"name":"wp","href":"https:\/\/api.w.org\/{rel}","templated":true}]}}