{"id":682,"date":"2025-06-03T13:42:22","date_gmt":"2025-06-03T16:42:22","guid":{"rendered":"https:\/\/pntlubricantes.com.ar\/nuevacarp\/?page_id=682"},"modified":"2025-09-16T15:07:08","modified_gmt":"2025-09-16T18:07:08","slug":"contacto","status":"publish","type":"page","link":"https:\/\/pntlubricantes.com.ar\/nuevacarp\/contacto\/","title":{"rendered":"Contacto"},"content":{"rendered":"\t\t<div data-elementor-type=\"wp-page\" data-elementor-id=\"682\" class=\"elementor elementor-682\" data-elementor-post-type=\"page\">\n\t\t\t\t<div class=\"elementor-element elementor-element-67603dd e-flex e-con-boxed wpr-particle-no wpr-jarallax-no wpr-parallax-no wpr-sticky-section-no e-con e-parent\" data-id=\"67603dd\" data-element_type=\"container\" data-settings=\"{&quot;background_background&quot;:&quot;classic&quot;}\">\n\t\t\t\t\t<div class=\"e-con-inner\">\n\t\t\t\t<div class=\"elementor-element elementor-element-1d27f67 elementor-widget elementor-widget-heading\" data-id=\"1d27f67\" data-element_type=\"widget\" data-widget_type=\"heading.default\">\n\t\t\t\t<div class=\"elementor-widget-container\">\n\t\t\t\t\t<h2 class=\"elementor-heading-title elementor-size-default\">CONTACTO<\/h2>\t\t\t\t<\/div>\n\t\t\t\t<\/div>\n\t\t\t\t\t<\/div>\n\t\t\t\t<\/div>\n\t\t<div class=\"elementor-element elementor-element-c27b440 e-flex e-con-boxed wpr-particle-no wpr-jarallax-no wpr-parallax-no wpr-sticky-section-no e-con e-parent\" data-id=\"c27b440\" data-element_type=\"container\">\n\t\t\t\t\t<div class=\"e-con-inner\">\n\t\t<div class=\"elementor-element elementor-element-b549496 e-con-full e-flex wpr-particle-no wpr-jarallax-no wpr-parallax-no wpr-sticky-section-no e-con e-child\" data-id=\"b549496\" data-element_type=\"container\">\n\t\t\t\t<div class=\"elementor-element elementor-element-2f2fd1e elementor-button-align-stretch elementor-widget elementor-widget-form\" data-id=\"2f2fd1e\" data-element_type=\"widget\" data-settings=\"{&quot;step_next_label&quot;:&quot;Next&quot;,&quot;step_previous_label&quot;:&quot;Previous&quot;,&quot;button_width&quot;:&quot;100&quot;,&quot;step_type&quot;:&quot;number_text&quot;,&quot;step_icon_shape&quot;:&quot;circle&quot;}\" data-widget_type=\"form.default\">\n\t\t\t\t<div class=\"elementor-widget-container\">\n\t\t\t\t\t\t\t<form class=\"elementor-form\" method=\"post\" name=\"New Form\" aria-label=\"New Form\">\n\t\t\t<input type=\"hidden\" name=\"post_id\" value=\"682\"\/>\n\t\t\t<input type=\"hidden\" name=\"form_id\" value=\"2f2fd1e\"\/>\n\t\t\t<input type=\"hidden\" name=\"referer_title\" value=\"Contacto\" \/>\n\n\t\t\t\t\t\t\t<input type=\"hidden\" name=\"queried_id\" value=\"682\"\/>\n\t\t\t\n\t\t\t<div class=\"elementor-form-fields-wrapper elementor-labels-above\">\n\t\t\t\t\t\t\t\t<div class=\"elementor-field-type-text elementor-field-group elementor-column elementor-field-group-name elementor-col-100\">\n\t\t\t\t\t\t\t\t\t\t\t\t<label for=\"form-field-name\" class=\"elementor-field-label\">\n\t\t\t\t\t\t\t\tNombre\t\t\t\t\t\t\t<\/label>\n\t\t\t\t\t\t\t\t\t\t\t\t\t\t<input size=\"1\" type=\"text\" name=\"form_fields[name]\" id=\"form-field-name\" class=\"elementor-field elementor-size-sm  elementor-field-textual\" placeholder=\"Nombre\">\n\t\t\t\t\t\t\t\t\t\t\t<\/div>\n\t\t\t\t\t\t\t\t<div class=\"elementor-field-type-tel elementor-field-group elementor-column elementor-field-group-field_2ea7fac elementor-col-100\">\n\t\t\t\t\t\t\t\t\t\t\t\t<label for=\"form-field-field_2ea7fac\" class=\"elementor-field-label\">\n\t\t\t\t\t\t\t\tTel\u00e9fono\t\t\t\t\t\t\t<\/label>\n\t\t\t\t\t\t\t\t<input size=\"1\" type=\"tel\" name=\"form_fields[field_2ea7fac]\" id=\"form-field-field_2ea7fac\" class=\"elementor-field elementor-size-sm  elementor-field-textual\" placeholder=\"Tel\u00e9fono\" pattern=\"[0-9()#&amp;+*-=.]+\" title=\"Only numbers and phone characters (#, -, *, etc) are accepted.\">\n\n\t\t\t\t\t\t<\/div>\n\t\t\t\t\t\t\t\t<div class=\"elementor-field-type-email elementor-field-group elementor-column elementor-field-group-email elementor-col-100 elementor-field-required\">\n\t\t\t\t\t\t\t\t\t\t\t\t<label for=\"form-field-email\" class=\"elementor-field-label\">\n\t\t\t\t\t\t\t\tEmail\t\t\t\t\t\t\t<\/label>\n\t\t\t\t\t\t\t\t\t\t\t\t\t\t<input size=\"1\" type=\"email\" name=\"form_fields[email]\" id=\"form-field-email\" class=\"elementor-field elementor-size-sm  elementor-field-textual\" placeholder=\"Email\" required=\"required\">\n\t\t\t\t\t\t\t\t\t\t\t<\/div>\n\t\t\t\t\t\t\t\t<div class=\"elementor-field-type-textarea elementor-field-group elementor-column elementor-field-group-message elementor-col-100\">\n\t\t\t\t\t\t\t\t\t\t\t\t<label for=\"form-field-message\" class=\"elementor-field-label\">\n\t\t\t\t\t\t\t\tConsulta\t\t\t\t\t\t\t<\/label>\n\t\t\t\t\t\t<textarea class=\"elementor-field-textual elementor-field  elementor-size-sm\" name=\"form_fields[message]\" id=\"form-field-message\" rows=\"4\" placeholder=\"Consulta\"><\/textarea>\t\t\t\t<\/div>\n\t\t\t\t\t\t\t\t<div class=\"elementor-field-group elementor-column elementor-field-type-submit elementor-col-100 e-form__buttons\">\n\t\t\t\t\t<button class=\"elementor-button elementor-size-sm\" type=\"submit\">\n\t\t\t\t\t\t<span class=\"elementor-button-content-wrapper\">\n\t\t\t\t\t\t\t\t\t\t\t\t\t\t\t\t\t\t\t\t\t\t<span class=\"elementor-button-text\">Enviar<\/span>\n\t\t\t\t\t\t\t\t\t\t\t\t\t<\/span>\n\t\t\t\t\t<\/button>\n\t\t\t\t<\/div>\n\t\t\t<\/div>\n\t\t<\/form>\n\t\t\t\t\t\t<\/div>\n\t\t\t\t<\/div>\n\t\t\t\t<\/div>\n\t\t<div class=\"elementor-element elementor-element-1b44b39 e-con-full e-flex wpr-particle-no wpr-jarallax-no wpr-parallax-no wpr-sticky-section-no e-con e-child\" data-id=\"1b44b39\" data-element_type=\"container\">\n\t\t\t\t<div class=\"elementor-element elementor-element-50b68ff elementor-widget elementor-widget-text-editor\" data-id=\"50b68ff\" data-element_type=\"widget\" data-widget_type=\"text-editor.default\">\n\t\t\t\t<div class=\"elementor-widget-container\">\n\t\t\t\t\t\t\t\t\t<p><span>Cont\u00e1ctenos<br><\/span><br><span><strong>Lubricantes VIGO S.R.L.:<\/strong>&nbsp;Av. Diaz Velez 258 &#8211; (1702) Ciudadela &#8211; Pcia. de Buenos Aires<br>Tel.\/Fax:&nbsp;<span style=\"color: #000000;\"><strong>54 11 4488-8175<\/strong><\/span>&nbsp;&#8211; Cel. \/ WhatsApp:<span style=\"color: #000000;\">&nbsp;<strong><a style=\"color: #000000;\" href=\"https:\/\/api.whatsapp.com\/send?phone=5491168183033\">(11)&nbsp;<\/a><\/strong><\/span><font color=\"#000000\"><b>7118-3704<\/b><\/font><br><strong>Horario de Atenci\u00f3n:<\/strong> Lunes a Viernes de: 08:00 a 13:00 Hs. \/ 13:30 a 16:00 Hs.<br><img decoding=\"async\" src=\"https:\/\/www.pntlubricantes.com.ar\/web-web-diego\/10x10.gif\" alt=\"\" width=\"10\" height=\"10\"><br><strong>PNT Env\u00edos<br>Para mayor seguridad de nuestros distribuidores, los env\u00edos de pedidos y mercader\u00eda se realizan con veh\u00edculo propio de la empresa a clientes, como tambi\u00e9n a los transportes.<\/strong><br><img decoding=\"async\" src=\"https:\/\/www.pntlubricantes.com.ar\/web-web-diego\/10x10.gif\" alt=\"\" width=\"10\" height=\"10\"><br>Complete el siguiente formulario y haganos su consulta.<\/span><\/p>\t\t\t\t\t\t\t\t<\/div>\n\t\t\t\t<\/div>\n\t\t\t\t<\/div>\n\t\t\t\t\t<\/div>\n\t\t\t\t<\/div>\n\t\t<div class=\"elementor-element elementor-element-5e5af2e e-flex e-con-boxed wpr-particle-no wpr-jarallax-no wpr-parallax-no wpr-sticky-section-no e-con e-parent\" data-id=\"5e5af2e\" data-element_type=\"container\" data-settings=\"{&quot;background_background&quot;:&quot;classic&quot;}\">\n\t\t\t\t\t<div class=\"e-con-inner\">\n\t\t\t\t<div class=\"elementor-element elementor-element-55e76dc elementor-widget elementor-widget-google_maps\" data-id=\"55e76dc\" data-element_type=\"widget\" data-widget_type=\"google_maps.default\">\n\t\t\t\t<div class=\"elementor-widget-container\">\n\t\t\t\t\t\t\t<div class=\"elementor-custom-embed\">\n\t\t\t<iframe loading=\"lazy\"\n\t\t\t\t\tsrc=\"https:\/\/maps.google.com\/maps?q=Av.%20Diaz%20Velez%20258%2C%20ciudadela&#038;t=m&#038;z=13&#038;output=embed&#038;iwloc=near\"\n\t\t\t\t\ttitle=\"Av. Diaz Velez 258, ciudadela\"\n\t\t\t\t\taria-label=\"Av. Diaz Velez 258, ciudadela\"\n\t\t\t><\/iframe>\n\t\t<\/div>\n\t\t\t\t\t\t<\/div>\n\t\t\t\t<\/div>\n\t\t\t\t\t<\/div>\n\t\t\t\t<\/div>\n\t\t\t\t<\/div>\n\t\t","protected":false},"excerpt":{"rendered":"<p>CONTACTO Cont\u00e1ctenos Lubricantes VIGO S.R.L.:&nbsp;Av. Diaz Velez 258 &#8211; (1702) Ciudadela &#8211; Pcia. de Buenos AiresTel.\/Fax:&nbsp;54 11 4488-8175&nbsp;&#8211; Cel. \/ WhatsApp:&nbsp;(11)&nbsp;7118-3704Horario de Atenci\u00f3n: Lunes a Viernes de: 08:00 a 13:00 Hs. \/ 13:30 a 16:00 Hs.PNT Env\u00edosPara mayor seguridad de nuestros distribuidores, los env\u00edos de pedidos y mercader\u00eda se realizan con veh\u00edculo propio de la empresa a clientes, como tambi\u00e9n a los transportes.Complete el siguiente formulario y haganos su consulta.<\/p>\n","protected":false},"author":1,"featured_media":0,"parent":0,"menu_order":0,"comment_status":"closed","ping_status":"closed","template":"elementor_header_footer","meta":{"footnotes":""},"class_list":["post-682","page","type-page","status-publish","hentry"],"_links":{"self":[{"href":"https:\/\/pntlubricantes.com.ar\/nuevacarp\/wp-json\/wp\/v2\/pages\/682","targetHints":{"allow":["GET"]}}],"collection":[{"href":"https:\/\/pntlubricantes.com.ar\/nuevacarp\/wp-json\/wp\/v2\/pages"}],"about":[{"href":"https:\/\/pntlubricantes.com.ar\/nuevacarp\/wp-json\/wp\/v2\/types\/page"}],"author":[{"embeddable":true,"href":"https:\/\/pntlubricantes.com.ar\/nuevacarp\/wp-json\/wp\/v2\/users\/1"}],"replies":[{"embeddable":true,"href":"https:\/\/pntlubricantes.com.ar\/nuevacarp\/wp-json\/wp\/v2\/comments?post=682"}],"version-history":[{"count":5,"href":"https:\/\/pntlubricantes.com.ar\/nuevacarp\/wp-json\/wp\/v2\/pages\/682\/revisions"}],"predecessor-version":[{"id":721,"href":"https:\/\/pntlubricantes.com.ar\/nuevacarp\/wp-json\/wp\/v2\/pages\/682\/revisions\/721"}],"wp:attachment":[{"href":"https:\/\/pntlubricantes.com.ar\/nuevacarp\/wp-json\/wp\/v2\/media?parent=682"}],"curies":[{"name":"wp","href":"https:\/\/api.w.org\/{rel}","templated":true}]}}