{"id":579,"date":"2025-03-17T21:33:36","date_gmt":"2025-03-18T00:33:36","guid":{"rendered":"https:\/\/pntlubricantes.com.ar\/nuevacarp\/?post_type=product&#038;p=579"},"modified":"2025-10-25T14:40:02","modified_gmt":"2025-10-25T17:40:02","slug":"pnt-multiuso","status":"publish","type":"product","link":"https:\/\/pntlubricantes.com.ar\/nuevacarp\/producto\/pnt-multiuso\/","title":{"rendered":"PNT Lubricante Multiuso"},"content":{"rendered":"<p>Especialmente dise\u00f1ado para mantener lubricado toda parte articulada en la l\u00ednea automotor, suavizando y eliminando ruidos.<br \/>\nLubricante liviano para todo uso en el hogar. Protege cualquier pieza o herramienta contra la formaci\u00f3n de \u00f3xido. Lubrica y protege rodados en general. Penetra en areas de dif\u00edcil acceso.<br \/>\nFacilita y suaviza el accionamiento de toda pieza articulada.<\/p>\n<p><strong><img decoding=\"async\" src=\"https:\/\/www.pntlubricantes.com.ar\/web-web-diego\/Embalaje-PNT.jpg\" alt=\"PNT LUBRICANTES - Productos - Lubricantes - Aerosol\" width=\"70\" height=\"64\" \/>Presentaciones:<\/strong><\/p>\n<p><strong>Art. 317<\/strong> = Aerosol 165 g \/ 230 cm3 &#8211; Pack x 12 unidades.<\/p>\n<p><strong>Art. 322<\/strong> = Aerosol 264 g \/ 400 cm3 &#8211; Pack x 12 unidades.<br \/>\n<strong><br \/>\nArt. 113<\/strong> = Aceitera 100 cm3 &#8211; Pack x 12 unidades.<\/p>\n<p><strong>Art. 112<\/strong> = Bid\u00f3n x 5 litros &#8211; x unidad.<\/p>\n<p>&nbsp;<\/p>\n","protected":false},"excerpt":{"rendered":"<p>Especialmente dise\u00f1ado para mantener lubricado toda parte articulada en la l\u00ednea automotor, suavizando y eliminando ruidos. Lubricante liviano para todo uso en el hogar. Protege cualquier pieza o herramienta contra la formaci\u00f3n de \u00f3xido. Lubrica y protege rodados en general. Penetra en areas de dif\u00edcil acceso. Facilita y suaviza el accionamiento de toda pieza articulada. Presentaciones: Art. 317 = Aerosol 165 g \/ 230 cm3 &#8211; Pack x 12 unidades. Art. 322 = Aerosol 264 g \/ 400 cm3 &#8211; Pack x 12 unidades. Art. 113 = Aceitera 100 cm3 &#8211; Pack x 12 unidades. Art. 112 = Bid\u00f3n x 5 litros &#8211; x unidad. &nbsp;<\/p>\n","protected":false},"featured_media":767,"comment_status":"open","ping_status":"closed","template":"","meta":[],"product_brand":[],"product_cat":[25],"product_tag":[],"class_list":{"0":"post-579","1":"product","2":"type-product","3":"status-publish","4":"has-post-thumbnail","6":"product_cat-lubricantes","8":"first","9":"instock","10":"shipping-taxable","11":"product-type-simple"},"_links":{"self":[{"href":"https:\/\/pntlubricantes.com.ar\/nuevacarp\/wp-json\/wp\/v2\/product\/579","targetHints":{"allow":["GET"]}}],"collection":[{"href":"https:\/\/pntlubricantes.com.ar\/nuevacarp\/wp-json\/wp\/v2\/product"}],"about":[{"href":"https:\/\/pntlubricantes.com.ar\/nuevacarp\/wp-json\/wp\/v2\/types\/product"}],"replies":[{"embeddable":true,"href":"https:\/\/pntlubricantes.com.ar\/nuevacarp\/wp-json\/wp\/v2\/comments?post=579"}],"wp:featuredmedia":[{"embeddable":true,"href":"https:\/\/pntlubricantes.com.ar\/nuevacarp\/wp-json\/wp\/v2\/media\/767"}],"wp:attachment":[{"href":"https:\/\/pntlubricantes.com.ar\/nuevacarp\/wp-json\/wp\/v2\/media?parent=579"}],"wp:term":[{"taxonomy":"product_brand","embeddable":true,"href":"https:\/\/pntlubricantes.com.ar\/nuevacarp\/wp-json\/wp\/v2\/product_brand?post=579"},{"taxonomy":"product_cat","embeddable":true,"href":"https:\/\/pntlubricantes.com.ar\/nuevacarp\/wp-json\/wp\/v2\/product_cat?post=579"},{"taxonomy":"product_tag","embeddable":true,"href":"https:\/\/pntlubricantes.com.ar\/nuevacarp\/wp-json\/wp\/v2\/product_tag?post=579"}],"curies":[{"name":"wp","href":"https:\/\/api.w.org\/{rel}","templated":true}]}}