{"id":584,"date":"2025-03-17T21:36:53","date_gmt":"2025-03-18T00:36:53","guid":{"rendered":"https:\/\/pntlubricantes.com.ar\/nuevacarp\/?post_type=product&#038;p=584"},"modified":"2025-10-25T14:35:14","modified_gmt":"2025-10-25T17:35:14","slug":"pnt-lubricante-grafitado-desoxidante-anticorrosivo-2","status":"publish","type":"product","link":"https:\/\/pntlubricantes.com.ar\/nuevacarp\/producto\/pnt-lubricante-grafitado-desoxidante-anticorrosivo-2\/","title":{"rendered":"PNT Lubricante Grafitado Desoxidante Anticorrosivo"},"content":{"rendered":"<p><span class=\"H4\">De acci\u00f3n residual de gran penetraci\u00f3n.<br \/>\nDesoxida y lubrica toda maquinaria y pieza articulada.\u00a0<strong>PNT Aerosol Grafitado<\/strong>\u00a0es desoxidante con gran concentraci\u00f3n de grafito que destraba, limpia y lubrica cualquier maquinaria facilitando su funcionamiento y protegiendo contra la formaci\u00f3n de \u00f3xido.<br \/>\n<\/span><\/p>\n<p><span class=\"H4\"><strong>PNT Aerosol Grafitado<\/strong>\u00a0ablanda, suaviza y libera el accionamiento de cualquier pieza con movimiento (cerraduras, bisagras, etc.) haciendo su funcionamiento mucho mas suave. PNT Aerosol Grafitado protege contra la formaci\u00f3n de \u00f3xido en cualquier elemento met\u00e1lico. Precauci\u00f3n: No exponer a temperaturas superiores a 50 \u00baC.<br \/>\n<\/span><\/p>\n<p><strong><img decoding=\"async\" src=\"https:\/\/www.pntlubricantes.com.ar\/web-web-diego\/Embalaje-PNT.jpg\" alt=\"PNT LUBRICANTES - Productos - Lubricantes - Aerosol\" width=\"70\" height=\"64\" \/>Presentaciones:<\/strong><\/p>\n<p><strong>Art. 302<\/strong> = Aerosol 165 g \/ 250 cm3 &#8211; Pack x 12 unidades.<\/p>\n<p><strong>Art. 303<\/strong> = Aerosol 290 g \/ 440 cm3 &#8211; Pack x 12 unidades.<\/p>\n<p><strong>Art. 101<\/strong> = Aceitera x 100 cm3 &#8211; Pack x 12 unidades.<\/p>\n<p><strong>Art. 103<\/strong> = Botella x 1 litro &#8211; Pack x 6 unidades.<\/p>\n<p><strong>Art. 104<\/strong> = Bid\u00f3n x 5 litros &#8211; x unidad.<\/p>\n<p>&nbsp;<\/p>\n","protected":false},"excerpt":{"rendered":"<p>De acci\u00f3n residual de gran penetraci\u00f3n. Desoxida y lubrica toda maquinaria y pieza articulada.\u00a0PNT Aerosol Grafitado\u00a0es desoxidante con gran concentraci\u00f3n de grafito que destraba, limpia y lubrica cualquier maquinaria facilitando su funcionamiento y protegiendo contra la formaci\u00f3n de \u00f3xido. PNT Aerosol Grafitado\u00a0ablanda, suaviza y libera el accionamiento de cualquier pieza con movimiento (cerraduras, bisagras, etc.) haciendo su funcionamiento mucho mas suave. PNT Aerosol Grafitado protege contra la formaci\u00f3n de \u00f3xido en cualquier elemento met\u00e1lico. Precauci\u00f3n: No exponer a temperaturas superiores a 50 \u00baC. Presentaciones: Art. 302 = Aerosol 165 g \/ 250 cm3 &#8211; Pack x 12 unidades. Art. 303 = Aerosol 290 g \/ 440 cm3 &#8211; Pack x 12 unidades. Art. 101 = Aceitera x 100 cm3 &#8211; Pack x 12 unidades. Art. 103 = Botella x 1 litro &#8211; Pack x 6 unidades. Art. 104 = Bid\u00f3n x 5 litros &#8211; x unidad. &nbsp;<\/p>\n","protected":false},"featured_media":729,"comment_status":"open","ping_status":"closed","template":"","meta":[],"product_brand":[],"product_cat":[25],"product_tag":[],"class_list":{"0":"post-584","1":"product","2":"type-product","3":"status-publish","4":"has-post-thumbnail","6":"product_cat-lubricantes","8":"first","9":"instock","10":"shipping-taxable","11":"product-type-simple"},"_links":{"self":[{"href":"https:\/\/pntlubricantes.com.ar\/nuevacarp\/wp-json\/wp\/v2\/product\/584","targetHints":{"allow":["GET"]}}],"collection":[{"href":"https:\/\/pntlubricantes.com.ar\/nuevacarp\/wp-json\/wp\/v2\/product"}],"about":[{"href":"https:\/\/pntlubricantes.com.ar\/nuevacarp\/wp-json\/wp\/v2\/types\/product"}],"replies":[{"embeddable":true,"href":"https:\/\/pntlubricantes.com.ar\/nuevacarp\/wp-json\/wp\/v2\/comments?post=584"}],"wp:featuredmedia":[{"embeddable":true,"href":"https:\/\/pntlubricantes.com.ar\/nuevacarp\/wp-json\/wp\/v2\/media\/729"}],"wp:attachment":[{"href":"https:\/\/pntlubricantes.com.ar\/nuevacarp\/wp-json\/wp\/v2\/media?parent=584"}],"wp:term":[{"taxonomy":"product_brand","embeddable":true,"href":"https:\/\/pntlubricantes.com.ar\/nuevacarp\/wp-json\/wp\/v2\/product_brand?post=584"},{"taxonomy":"product_cat","embeddable":true,"href":"https:\/\/pntlubricantes.com.ar\/nuevacarp\/wp-json\/wp\/v2\/product_cat?post=584"},{"taxonomy":"product_tag","embeddable":true,"href":"https:\/\/pntlubricantes.com.ar\/nuevacarp\/wp-json\/wp\/v2\/product_tag?post=584"}],"curies":[{"name":"wp","href":"https:\/\/api.w.org\/{rel}","templated":true}]}}