{"id":592,"date":"2025-03-17T21:41:00","date_gmt":"2025-03-18T00:41:00","guid":{"rendered":"https:\/\/pntlubricantes.com.ar\/nuevacarp\/?post_type=product&#038;p=592"},"modified":"2025-10-25T14:29:26","modified_gmt":"2025-10-25T17:29:26","slug":"pnt-limpia-contactos-full-con-co2","status":"publish","type":"product","link":"https:\/\/pntlubricantes.com.ar\/nuevacarp\/producto\/pnt-limpia-contactos-full-con-co2\/","title":{"rendered":"PNT Limpia Contactos \u00abFULL\u00bb con CO2"},"content":{"rendered":"<p><span class=\"H4\">Recomendado para la limpieza de todo tipo de conectores, llaves de contacto, mecanismos de precisi\u00f3n, botoneras, rel\u00e9s, todo tipo de equipos de computaci\u00f3n, notebooks, etc.<br \/>\n<strong>::\u00a0<\/strong>No ataca pl\u00e1sticos.<br \/>\n<strong>::\u00a0<\/strong>De r\u00e1pida evaporaci\u00f3n.<br \/>\n<strong>::\u00a0<\/strong>Posee gran poder desengrasante.<br \/>\n<strong>::\u00a0<\/strong>Con propelente CO2.<br \/>\n<\/span><\/p>\n<p><strong><img decoding=\"async\" src=\"https:\/\/www.pntlubricantes.com.ar\/web-web-diego\/Embalaje-PNT.jpg\" alt=\"PNT LUBRICANTES - Productos - Lubricantes - Aerosol\" width=\"70\" height=\"64\" \/>Presentaciones:<\/strong><\/p>\n<p><strong>Art. 330<\/strong> = 120 gr. \/ 290 cm3 &#8211; Pack x 12 unidades.<\/p>\n<p><strong>Art. 331<\/strong> = 250 g \/ 419 cm3 &#8211; &#8211; Pack x 12 unidades.<\/p>\n","protected":false},"excerpt":{"rendered":"<p>Recomendado para la limpieza de todo tipo de conectores, llaves de contacto, mecanismos de precisi\u00f3n, botoneras, rel\u00e9s, todo tipo de equipos de computaci\u00f3n, notebooks, etc. ::\u00a0No ataca pl\u00e1sticos. ::\u00a0De r\u00e1pida evaporaci\u00f3n. ::\u00a0Posee gran poder desengrasante. ::\u00a0Con propelente CO2. Presentaciones: Art. 330 = 120 gr. \/ 290 cm3 &#8211; Pack x 12 unidades. Art. 331 = 250 g \/ 419 cm3 &#8211; &#8211; Pack x 12 unidades.<\/p>\n","protected":false},"featured_media":761,"comment_status":"open","ping_status":"closed","template":"","meta":[],"product_brand":[],"product_cat":[25],"product_tag":[],"class_list":{"0":"post-592","1":"product","2":"type-product","3":"status-publish","4":"has-post-thumbnail","6":"product_cat-lubricantes","8":"first","9":"instock","10":"shipping-taxable","11":"product-type-simple"},"_links":{"self":[{"href":"https:\/\/pntlubricantes.com.ar\/nuevacarp\/wp-json\/wp\/v2\/product\/592","targetHints":{"allow":["GET"]}}],"collection":[{"href":"https:\/\/pntlubricantes.com.ar\/nuevacarp\/wp-json\/wp\/v2\/product"}],"about":[{"href":"https:\/\/pntlubricantes.com.ar\/nuevacarp\/wp-json\/wp\/v2\/types\/product"}],"replies":[{"embeddable":true,"href":"https:\/\/pntlubricantes.com.ar\/nuevacarp\/wp-json\/wp\/v2\/comments?post=592"}],"wp:featuredmedia":[{"embeddable":true,"href":"https:\/\/pntlubricantes.com.ar\/nuevacarp\/wp-json\/wp\/v2\/media\/761"}],"wp:attachment":[{"href":"https:\/\/pntlubricantes.com.ar\/nuevacarp\/wp-json\/wp\/v2\/media?parent=592"}],"wp:term":[{"taxonomy":"product_brand","embeddable":true,"href":"https:\/\/pntlubricantes.com.ar\/nuevacarp\/wp-json\/wp\/v2\/product_brand?post=592"},{"taxonomy":"product_cat","embeddable":true,"href":"https:\/\/pntlubricantes.com.ar\/nuevacarp\/wp-json\/wp\/v2\/product_cat?post=592"},{"taxonomy":"product_tag","embeddable":true,"href":"https:\/\/pntlubricantes.com.ar\/nuevacarp\/wp-json\/wp\/v2\/product_tag?post=592"}],"curies":[{"name":"wp","href":"https:\/\/api.w.org\/{rel}","templated":true}]}}