{"id":595,"date":"2025-03-17T21:42:46","date_gmt":"2025-03-18T00:42:46","guid":{"rendered":"https:\/\/pntlubricantes.com.ar\/nuevacarp\/?post_type=product&#038;p=595"},"modified":"2025-10-25T17:34:48","modified_gmt":"2025-10-25T20:34:48","slug":"pnt-lubricante-para-cadenas","status":"publish","type":"product","link":"https:\/\/pntlubricantes.com.ar\/nuevacarp\/producto\/pnt-lubricante-para-cadenas\/","title":{"rendered":"PNT Lubricante para Cadenas"},"content":{"rendered":"<p><span class=\"H4\">Lubricante de color \u00e1mbar, dise\u00f1ado lubricar cadenas de motos, cuatriciclos, karting, etc.<br \/>\nFormulado tanto para cadenas con junta t\u00f3rica o sin ella.<br \/>\nRechaza los dep\u00f3sitos de barro, arena y tierra lo que asegura mayor rendimiento, aumentando la duraci\u00f3n de la cadena y pi\u00f1\u00f3n. Resistente al agua protegi\u00e9ndola tambi\u00e9n de una posible oxidaci\u00f3n.<br \/>\n<\/span><\/p>\n<p><strong><img decoding=\"async\" src=\"https:\/\/www.pntlubricantes.com.ar\/web-web-diego\/Embalaje-PNT.jpg\" alt=\"PNT LUBRICANTES - Productos - Lubricantes - Aerosol\" width=\"70\" height=\"64\" \/>Presentaciones:<\/strong><\/p>\n<p><strong>Art. 328<\/strong> = Aerosol x 263 gr. \/ 400 cm3. &#8211; Pack x 12 unidades.<\/p>\n<p>&nbsp;<\/p>\n<p><strong>Atenci\u00f3n:<\/strong><br \/>\nExtremadamente inflamable.<br \/>\nMantener alejado del alcance de los ni\u00f1os y a temperaturas superiores a 50\u00b0C, proteger de los rayos solares, no vaporizar hacia llamas.<br \/>\nNo respire los vapores.<br \/>\nEn caso de ingesti\u00f3n acudir urgente al m\u00e9dico.<br \/>\n<strong>Tel\u00e9fonos \u00fatiles:<br \/>\nUrgencias medicas:<\/strong>\u00a0107<br \/>\n<strong>Centro de intoxicaciones:<\/strong><br \/>\n0800-333-0160<br \/>\n<strong>Servicio de toxicolog\u00eda:<\/strong><br \/>\n011-4658-7777<\/p>\n<p>&nbsp;<\/p>\n","protected":false},"excerpt":{"rendered":"<p>Lubricante de color \u00e1mbar, dise\u00f1ado lubricar cadenas de motos, cuatriciclos, karting, etc. Formulado tanto para cadenas con junta t\u00f3rica o sin ella. Rechaza los dep\u00f3sitos de barro, arena y tierra lo que asegura mayor rendimiento, aumentando la duraci\u00f3n de la cadena y pi\u00f1\u00f3n. Resistente al agua protegi\u00e9ndola tambi\u00e9n de una posible oxidaci\u00f3n. Presentaciones: Art. 328 = Aerosol x 263 gr. \/ 400 cm3. &#8211; Pack x 12 unidades. &nbsp; Atenci\u00f3n: Extremadamente inflamable. Mantener alejado del alcance de los ni\u00f1os y a temperaturas superiores a 50\u00b0C, proteger de los rayos solares, no vaporizar hacia llamas. No respire los vapores. En caso de ingesti\u00f3n acudir urgente al m\u00e9dico. Tel\u00e9fonos \u00fatiles: Urgencias medicas:\u00a0107 Centro de intoxicaciones: 0800-333-0160 Servicio de toxicolog\u00eda: 011-4658-7777 &nbsp;<\/p>\n","protected":false},"featured_media":760,"comment_status":"open","ping_status":"closed","template":"","meta":[],"product_brand":[],"product_cat":[25],"product_tag":[],"class_list":{"0":"post-595","1":"product","2":"type-product","3":"status-publish","4":"has-post-thumbnail","6":"product_cat-lubricantes","8":"first","9":"instock","10":"shipping-taxable","11":"product-type-simple"},"_links":{"self":[{"href":"https:\/\/pntlubricantes.com.ar\/nuevacarp\/wp-json\/wp\/v2\/product\/595","targetHints":{"allow":["GET"]}}],"collection":[{"href":"https:\/\/pntlubricantes.com.ar\/nuevacarp\/wp-json\/wp\/v2\/product"}],"about":[{"href":"https:\/\/pntlubricantes.com.ar\/nuevacarp\/wp-json\/wp\/v2\/types\/product"}],"replies":[{"embeddable":true,"href":"https:\/\/pntlubricantes.com.ar\/nuevacarp\/wp-json\/wp\/v2\/comments?post=595"}],"wp:featuredmedia":[{"embeddable":true,"href":"https:\/\/pntlubricantes.com.ar\/nuevacarp\/wp-json\/wp\/v2\/media\/760"}],"wp:attachment":[{"href":"https:\/\/pntlubricantes.com.ar\/nuevacarp\/wp-json\/wp\/v2\/media?parent=595"}],"wp:term":[{"taxonomy":"product_brand","embeddable":true,"href":"https:\/\/pntlubricantes.com.ar\/nuevacarp\/wp-json\/wp\/v2\/product_brand?post=595"},{"taxonomy":"product_cat","embeddable":true,"href":"https:\/\/pntlubricantes.com.ar\/nuevacarp\/wp-json\/wp\/v2\/product_cat?post=595"},{"taxonomy":"product_tag","embeddable":true,"href":"https:\/\/pntlubricantes.com.ar\/nuevacarp\/wp-json\/wp\/v2\/product_tag?post=595"}],"curies":[{"name":"wp","href":"https:\/\/api.w.org\/{rel}","templated":true}]}}