{"id":597,"date":"2025-03-17T21:46:47","date_gmt":"2025-03-18T00:46:47","guid":{"rendered":"https:\/\/pntlubricantes.com.ar\/nuevacarp\/?post_type=product&#038;p=597"},"modified":"2025-10-25T14:23:00","modified_gmt":"2025-10-25T17:23:00","slug":"pnt-aceite-hidraulico-biodegradable","status":"publish","type":"product","link":"https:\/\/pntlubricantes.com.ar\/nuevacarp\/producto\/pnt-aceite-hidraulico-biodegradable\/","title":{"rendered":"PNT Aceite Hidr\u00e1ulico Biodegradable"},"content":{"rendered":"<p><span class=\"H4\">Aceite lubricante biodegradable inofensivo 100 % al medio ambiente, de amplio tiempo de uso en relaci\u00f3n a los hidr\u00e1ulicos convencionales por la excelente resistencia a la oxidaci\u00f3n y acompa\u00f1ado de un paquete de aditivos antidesgaste, anticorrosivo y antiespumante.<br \/>\nExcelente transmisi\u00f3n de la presi\u00f3n.<br \/>\nDisipa la temperatura con gran facilidad.<br \/>\n<\/span><\/p>\n<p><strong><img decoding=\"async\" src=\"https:\/\/www.pntlubricantes.com.ar\/web-web-diego\/Embalaje-PNT.jpg\" alt=\"PNT LUBRICANTES - Productos - Lubricantes - Aerosol\" width=\"70\" height=\"64\" \/>Presentaciones:<\/strong><\/p>\n<p><strong>Art. 109<\/strong> = Botella x 1 litro &#8211; Pack x 6 unidades.<\/p>\n<p><strong>Art. 111<\/strong> = Bid\u00f3n x 5 litros &#8211; x unidad.<\/p>\n","protected":false},"excerpt":{"rendered":"<p>Aceite lubricante biodegradable inofensivo 100 % al medio ambiente, de amplio tiempo de uso en relaci\u00f3n a los hidr\u00e1ulicos convencionales por la excelente resistencia a la oxidaci\u00f3n y acompa\u00f1ado de un paquete de aditivos antidesgaste, anticorrosivo y antiespumante. Excelente transmisi\u00f3n de la presi\u00f3n. Disipa la temperatura con gran facilidad. Presentaciones: Art. 109 = Botella x 1 litro &#8211; Pack x 6 unidades. Art. 111 = Bid\u00f3n x 5 litros &#8211; x unidad.<\/p>\n","protected":false},"featured_media":758,"comment_status":"open","ping_status":"closed","template":"","meta":[],"product_brand":[],"product_cat":[27],"product_tag":[],"class_list":{"0":"post-597","1":"product","2":"type-product","3":"status-publish","4":"has-post-thumbnail","6":"product_cat-aceites","8":"first","9":"instock","10":"shipping-taxable","11":"product-type-simple"},"_links":{"self":[{"href":"https:\/\/pntlubricantes.com.ar\/nuevacarp\/wp-json\/wp\/v2\/product\/597","targetHints":{"allow":["GET"]}}],"collection":[{"href":"https:\/\/pntlubricantes.com.ar\/nuevacarp\/wp-json\/wp\/v2\/product"}],"about":[{"href":"https:\/\/pntlubricantes.com.ar\/nuevacarp\/wp-json\/wp\/v2\/types\/product"}],"replies":[{"embeddable":true,"href":"https:\/\/pntlubricantes.com.ar\/nuevacarp\/wp-json\/wp\/v2\/comments?post=597"}],"wp:featuredmedia":[{"embeddable":true,"href":"https:\/\/pntlubricantes.com.ar\/nuevacarp\/wp-json\/wp\/v2\/media\/758"}],"wp:attachment":[{"href":"https:\/\/pntlubricantes.com.ar\/nuevacarp\/wp-json\/wp\/v2\/media?parent=597"}],"wp:term":[{"taxonomy":"product_brand","embeddable":true,"href":"https:\/\/pntlubricantes.com.ar\/nuevacarp\/wp-json\/wp\/v2\/product_brand?post=597"},{"taxonomy":"product_cat","embeddable":true,"href":"https:\/\/pntlubricantes.com.ar\/nuevacarp\/wp-json\/wp\/v2\/product_cat?post=597"},{"taxonomy":"product_tag","embeddable":true,"href":"https:\/\/pntlubricantes.com.ar\/nuevacarp\/wp-json\/wp\/v2\/product_tag?post=597"}],"curies":[{"name":"wp","href":"https:\/\/api.w.org\/{rel}","templated":true}]}}