{"id":604,"date":"2025-03-17T21:52:56","date_gmt":"2025-03-18T00:52:56","guid":{"rendered":"https:\/\/pntlubricantes.com.ar\/nuevacarp\/?post_type=product&#038;p=604"},"modified":"2025-10-25T14:14:48","modified_gmt":"2025-10-25T17:14:48","slug":"pnt-aceite-soluble-sintetico-corte-fino","status":"publish","type":"product","link":"https:\/\/pntlubricantes.com.ar\/nuevacarp\/producto\/pnt-aceite-soluble-sintetico-corte-fino\/","title":{"rendered":"PNT Aceite Soluble Sint\u00e9tico \u00abCorte Fino\u00bb"},"content":{"rendered":"<p>Emulsionado con agua da un producto claro y transparente.<br \/>\nEs un aceite sint\u00e9tico para corte y rectificado de metales con propiedades bacterioest\u00e1ticas de larga duraci\u00f3n que proporciona mayor vida \u00fatil a la emulsi\u00f3n.<\/p>\n<p><strong>Preparaci\u00f3n:<\/strong>\u00a0El mezclado del aceite PNT soluble refrigerante sint\u00e9tico debe hacerse agregando el mismo sobre el agua y nunca a la inversa.La proporci\u00f3n ideal es 5 litros en 90 litros de agua.<br \/>\nEste producto est\u00e1 desarrollado para la terminaciones de trabajos finos.<br \/>\n<strong><br \/>\nImportante:<\/strong>\u00a0Antes de la preparaci\u00f3n de la emulsi\u00f3n, indicar al operador la limpieza del recipiente, incluso el techo si es batea cerrada.<\/p>\n<p><strong><img decoding=\"async\" src=\"https:\/\/www.pntlubricantes.com.ar\/web-web-diego\/Embalaje-PNT.jpg\" alt=\"PNT LUBRICANTES - Productos - Lubricantes - Aerosol\" width=\"70\" height=\"64\" \/>Presentaciones:<\/strong><\/p>\n<p><strong>Art. 136<\/strong> = Botella x 1 litro &#8211; Pack x 6 unidades.<\/p>\n<p><strong>Art. 137B<\/strong> = Bid\u00f3n x 5 litros &#8211;\u00a0 x unidad.<\/p>\n<p><strong>Art. 138B<\/strong> = Tambor 20 litros &#8211;\u00a0 x unidad.<\/p>\n<p>&nbsp;<\/p>\n","protected":false},"excerpt":{"rendered":"<p>Emulsionado con agua da un producto claro y transparente. Es un aceite sint\u00e9tico para corte y rectificado de metales con propiedades bacterioest\u00e1ticas de larga duraci\u00f3n que proporciona mayor vida \u00fatil a la emulsi\u00f3n. Preparaci\u00f3n:\u00a0El mezclado del aceite PNT soluble refrigerante sint\u00e9tico debe hacerse agregando el mismo sobre el agua y nunca a la inversa.La proporci\u00f3n ideal es 5 litros en 90 litros de agua. Este producto est\u00e1 desarrollado para la terminaciones de trabajos finos. Importante:\u00a0Antes de la preparaci\u00f3n de la emulsi\u00f3n, indicar al operador la limpieza del recipiente, incluso el techo si es batea cerrada. Presentaciones: Art. 136 = Botella x 1 litro &#8211; Pack x 6 unidades. Art. 137B = Bid\u00f3n x 5 litros &#8211;\u00a0 x unidad. Art. 138B = Tambor 20 litros &#8211;\u00a0 x unidad. &nbsp;<\/p>\n","protected":false},"featured_media":754,"comment_status":"open","ping_status":"closed","template":"","meta":[],"product_brand":[],"product_cat":[27],"product_tag":[],"class_list":{"0":"post-604","1":"product","2":"type-product","3":"status-publish","4":"has-post-thumbnail","6":"product_cat-aceites","8":"first","9":"instock","10":"shipping-taxable","11":"product-type-simple"},"_links":{"self":[{"href":"https:\/\/pntlubricantes.com.ar\/nuevacarp\/wp-json\/wp\/v2\/product\/604","targetHints":{"allow":["GET"]}}],"collection":[{"href":"https:\/\/pntlubricantes.com.ar\/nuevacarp\/wp-json\/wp\/v2\/product"}],"about":[{"href":"https:\/\/pntlubricantes.com.ar\/nuevacarp\/wp-json\/wp\/v2\/types\/product"}],"replies":[{"embeddable":true,"href":"https:\/\/pntlubricantes.com.ar\/nuevacarp\/wp-json\/wp\/v2\/comments?post=604"}],"wp:featuredmedia":[{"embeddable":true,"href":"https:\/\/pntlubricantes.com.ar\/nuevacarp\/wp-json\/wp\/v2\/media\/754"}],"wp:attachment":[{"href":"https:\/\/pntlubricantes.com.ar\/nuevacarp\/wp-json\/wp\/v2\/media?parent=604"}],"wp:term":[{"taxonomy":"product_brand","embeddable":true,"href":"https:\/\/pntlubricantes.com.ar\/nuevacarp\/wp-json\/wp\/v2\/product_brand?post=604"},{"taxonomy":"product_cat","embeddable":true,"href":"https:\/\/pntlubricantes.com.ar\/nuevacarp\/wp-json\/wp\/v2\/product_cat?post=604"},{"taxonomy":"product_tag","embeddable":true,"href":"https:\/\/pntlubricantes.com.ar\/nuevacarp\/wp-json\/wp\/v2\/product_tag?post=604"}],"curies":[{"name":"wp","href":"https:\/\/api.w.org\/{rel}","templated":true}]}}