{"id":621,"date":"2025-03-17T22:21:39","date_gmt":"2025-03-18T01:21:39","guid":{"rendered":"https:\/\/pntlubricantes.com.ar\/nuevacarp\/?post_type=product&#038;p=621"},"modified":"2025-10-25T13:42:01","modified_gmt":"2025-10-25T16:42:01","slug":"adhesivo-vinilico-uso-general","status":"publish","type":"product","link":"https:\/\/pntlubricantes.com.ar\/nuevacarp\/producto\/adhesivo-vinilico-uso-general\/","title":{"rendered":"Adhesivo Vinilico Uso general"},"content":{"rendered":"<p>Adhesivo Vin\u00edlico 1ra. Calidad. USO GENERAL para maderas, cart\u00f3n, papel, cueros, tejidos, aglomerados, polietileno expandido, l\u00e1minas pl\u00e1sticas, paneles ac\u00fasticos, pisos vin\u00edlicos, etc.<\/p>\n<p><img decoding=\"async\" src=\"https:\/\/www.pntlubricantes.com.ar\/web-web-diego\/Embalaje-PNT.jpg\" alt=\"PNT LUBRICANTES - Productos - Lubricantes - Aerosol\" width=\"70\" height=\"64\" \/><strong>Presentaciones:<\/strong><br \/>\n<strong>Art. 800<\/strong> = Pomo x 100 gr. &#8211; Caja x 30 unidades.<br \/>\n<strong>Art. 801<\/strong> = Pote con pico vertedor x 250 gr. &#8211; Caja x 24 unidades.<br \/>\n<strong>Art. 802<\/strong> = Pote con pico vertedor x 500 gr. &#8211; Pack x 12 unidades.<br \/>\n<strong>Art. 803<\/strong> = Pote con pico vertedor x 1000 gr. &#8211; Pack x 6 unidades.<br \/>\n<strong>Art. 804<\/strong> = Pote x 300 gr. &#8211; Pack x 12 unidades.<br \/>\n<strong>Art. 805<\/strong> = Pote x 600 gr. &#8211; Pack x 12 unidades.<br \/>\n<strong>Art. 806<\/strong> = Pote x 1400 gr. &#8211; Pack x 6 unidades.<br \/>\n<strong>Art. 810 <\/strong>= Balde x 5 kg. &#8211; x unidad.<br \/>\n<strong>Art. 815 <\/strong>= Tambor x 20 kg. &#8211; x unidad.<\/p>\n","protected":false},"excerpt":{"rendered":"<p>Adhesivo Vin\u00edlico 1ra. Calidad. USO GENERAL para maderas, cart\u00f3n, papel, cueros, tejidos, aglomerados, polietileno expandido, l\u00e1minas pl\u00e1sticas, paneles ac\u00fasticos, pisos vin\u00edlicos, etc. Presentaciones: Art. 800 = Pomo x 100 gr. &#8211; Caja x 30 unidades. Art. 801 = Pote con pico vertedor x 250 gr. &#8211; Caja x 24 unidades. Art. 802 = Pote con pico vertedor x 500 gr. &#8211; Pack x 12 unidades. Art. 803 = Pote con pico vertedor x 1000 gr. &#8211; Pack x 6 unidades. Art. 804 = Pote x 300 gr. &#8211; Pack x 12 unidades. Art. 805 = Pote x 600 gr. &#8211; Pack x 12 unidades. Art. 806 = Pote x 1400 gr. &#8211; Pack x 6 unidades. Art. 810 = Balde x 5 kg. &#8211; x unidad. Art. 815 = Tambor x 20 kg. &#8211; x unidad.<\/p>\n","protected":false},"featured_media":743,"comment_status":"open","ping_status":"closed","template":"","meta":[],"product_brand":[],"product_cat":[29],"product_tag":[],"class_list":{"0":"post-621","1":"product","2":"type-product","3":"status-publish","4":"has-post-thumbnail","6":"product_cat-adhesivos","8":"first","9":"instock","10":"shipping-taxable","11":"product-type-simple"},"_links":{"self":[{"href":"https:\/\/pntlubricantes.com.ar\/nuevacarp\/wp-json\/wp\/v2\/product\/621","targetHints":{"allow":["GET"]}}],"collection":[{"href":"https:\/\/pntlubricantes.com.ar\/nuevacarp\/wp-json\/wp\/v2\/product"}],"about":[{"href":"https:\/\/pntlubricantes.com.ar\/nuevacarp\/wp-json\/wp\/v2\/types\/product"}],"replies":[{"embeddable":true,"href":"https:\/\/pntlubricantes.com.ar\/nuevacarp\/wp-json\/wp\/v2\/comments?post=621"}],"wp:featuredmedia":[{"embeddable":true,"href":"https:\/\/pntlubricantes.com.ar\/nuevacarp\/wp-json\/wp\/v2\/media\/743"}],"wp:attachment":[{"href":"https:\/\/pntlubricantes.com.ar\/nuevacarp\/wp-json\/wp\/v2\/media?parent=621"}],"wp:term":[{"taxonomy":"product_brand","embeddable":true,"href":"https:\/\/pntlubricantes.com.ar\/nuevacarp\/wp-json\/wp\/v2\/product_brand?post=621"},{"taxonomy":"product_cat","embeddable":true,"href":"https:\/\/pntlubricantes.com.ar\/nuevacarp\/wp-json\/wp\/v2\/product_cat?post=621"},{"taxonomy":"product_tag","embeddable":true,"href":"https:\/\/pntlubricantes.com.ar\/nuevacarp\/wp-json\/wp\/v2\/product_tag?post=621"}],"curies":[{"name":"wp","href":"https:\/\/api.w.org\/{rel}","templated":true}]}}