{"id":800,"date":"2025-10-25T17:34:57","date_gmt":"2025-10-25T20:34:57","guid":{"rendered":"https:\/\/pntlubricantes.com.ar\/nuevacarp\/?post_type=product&#038;p=800"},"modified":"2025-10-25T17:36:18","modified_gmt":"2025-10-25T20:36:18","slug":"pnt-lubricante-para-cadenas-de-competicion","status":"publish","type":"product","link":"https:\/\/pntlubricantes.com.ar\/nuevacarp\/producto\/pnt-lubricante-para-cadenas-de-competicion\/","title":{"rendered":"PNT Lubricante para Cadenas de Competici\u00f3n"},"content":{"rendered":"<p>PNT Lubricante Sint\u00e9tico para Cadenas de Competici\u00f3n para uso en Kartings, Motos, Cuatriciclos.<br \/>\n<span class=\"H4\">Dise\u00f1ado para lubricar cadenas de alta competici\u00f3n.<br \/>\nAsegura mayor rendimiento, aumentando la duraci\u00f3n de la cadena y pi\u00f1\u00f3n.<br \/>\nResistente al agua protegi\u00e9ndola tambi\u00e9n de una posible oxidaci\u00f3n.<br \/>\n<\/span><\/p>\n<p><strong><img decoding=\"async\" src=\"https:\/\/www.pntlubricantes.com.ar\/web-web-diego\/Embalaje-PNT.jpg\" alt=\"PNT LUBRICANTES - Productos - Lubricantes - Aerosol\" width=\"70\" height=\"64\" \/>Presentaciones:<\/strong><\/p>\n<p><strong>Art. 329<\/strong>\u00a0= Aerosol x 263 gr. \/ 400 cm3. &#8211; Pack x 12 unidades.<\/p>\n<p>&nbsp;<\/p>\n","protected":false},"excerpt":{"rendered":"<p>PNT Lubricante Sint\u00e9tico para Cadenas de Competici\u00f3n para uso en Kartings, Motos, Cuatriciclos. Dise\u00f1ado para lubricar cadenas de alta competici\u00f3n. Asegura mayor rendimiento, aumentando la duraci\u00f3n de la cadena y pi\u00f1\u00f3n. Resistente al agua protegi\u00e9ndola tambi\u00e9n de una posible oxidaci\u00f3n. Presentaciones: Art. 329\u00a0= Aerosol x 263 gr. \/ 400 cm3. &#8211; Pack x 12 unidades. &nbsp;<\/p>\n","protected":false},"featured_media":801,"comment_status":"open","ping_status":"closed","template":"","meta":[],"product_brand":[],"product_cat":[25],"product_tag":[],"class_list":{"0":"post-800","1":"product","2":"type-product","3":"status-publish","4":"has-post-thumbnail","6":"product_cat-lubricantes","8":"first","9":"instock","10":"shipping-taxable","11":"product-type-simple"},"_links":{"self":[{"href":"https:\/\/pntlubricantes.com.ar\/nuevacarp\/wp-json\/wp\/v2\/product\/800","targetHints":{"allow":["GET"]}}],"collection":[{"href":"https:\/\/pntlubricantes.com.ar\/nuevacarp\/wp-json\/wp\/v2\/product"}],"about":[{"href":"https:\/\/pntlubricantes.com.ar\/nuevacarp\/wp-json\/wp\/v2\/types\/product"}],"replies":[{"embeddable":true,"href":"https:\/\/pntlubricantes.com.ar\/nuevacarp\/wp-json\/wp\/v2\/comments?post=800"}],"wp:featuredmedia":[{"embeddable":true,"href":"https:\/\/pntlubricantes.com.ar\/nuevacarp\/wp-json\/wp\/v2\/media\/801"}],"wp:attachment":[{"href":"https:\/\/pntlubricantes.com.ar\/nuevacarp\/wp-json\/wp\/v2\/media?parent=800"}],"wp:term":[{"taxonomy":"product_brand","embeddable":true,"href":"https:\/\/pntlubricantes.com.ar\/nuevacarp\/wp-json\/wp\/v2\/product_brand?post=800"},{"taxonomy":"product_cat","embeddable":true,"href":"https:\/\/pntlubricantes.com.ar\/nuevacarp\/wp-json\/wp\/v2\/product_cat?post=800"},{"taxonomy":"product_tag","embeddable":true,"href":"https:\/\/pntlubricantes.com.ar\/nuevacarp\/wp-json\/wp\/v2\/product_tag?post=800"}],"curies":[{"name":"wp","href":"https:\/\/api.w.org\/{rel}","templated":true}]}}