{"id":803,"date":"2025-10-25T17:50:49","date_gmt":"2025-10-25T20:50:49","guid":{"rendered":"https:\/\/pntlubricantes.com.ar\/nuevacarp\/?post_type=product&#038;p=803"},"modified":"2025-10-25T17:50:49","modified_gmt":"2025-10-25T20:50:49","slug":"pnt-desmoldante-siliconado","status":"publish","type":"product","link":"https:\/\/pntlubricantes.com.ar\/nuevacarp\/producto\/pnt-desmoldante-siliconado\/","title":{"rendered":"PNT Desmoldante Siliconado"},"content":{"rendered":"<p>PNT Desmoldante Siliconado.<br \/>\nFacilita el desmolde de piezas evitando deformaciones y roturas.<br \/>\nProvee una pel\u00edcula continua e uniforme de larga duraci\u00f3n.<br \/>\nEstable a altas temperaturas.<br \/>\nGran rendimiento con una sola aplicaci\u00f3n.<br \/>\nEvita problemas de agarre en las matrices y moldes.<br \/>\nProtege las piezas.<\/p>\n<p><strong><img decoding=\"async\" src=\"https:\/\/www.pntlubricantes.com.ar\/web-web-diego\/Embalaje-PNT.jpg\" alt=\"PNT LUBRICANTES - Productos - Lubricantes - Aerosol\" width=\"70\" height=\"64\" \/>Presentaciones:<\/strong><\/p>\n<p><strong>Art. 327<\/strong> = Aerosol x 290 gr. \/ 440 cm3. &#8211; Pack x 12 unidades.<\/p>\n","protected":false},"excerpt":{"rendered":"<p>PNT Desmoldante Siliconado. Facilita el desmolde de piezas evitando deformaciones y roturas. Provee una pel\u00edcula continua e uniforme de larga duraci\u00f3n. Estable a altas temperaturas. Gran rendimiento con una sola aplicaci\u00f3n. Evita problemas de agarre en las matrices y moldes. Protege las piezas. Presentaciones: Art. 327 = Aerosol x 290 gr. \/ 440 cm3. &#8211; Pack x 12 unidades.<\/p>\n","protected":false},"featured_media":804,"comment_status":"open","ping_status":"closed","template":"","meta":[],"product_brand":[],"product_cat":[25],"product_tag":[],"class_list":{"0":"post-803","1":"product","2":"type-product","3":"status-publish","4":"has-post-thumbnail","6":"product_cat-lubricantes","8":"first","9":"instock","10":"shipping-taxable","11":"product-type-simple"},"_links":{"self":[{"href":"https:\/\/pntlubricantes.com.ar\/nuevacarp\/wp-json\/wp\/v2\/product\/803","targetHints":{"allow":["GET"]}}],"collection":[{"href":"https:\/\/pntlubricantes.com.ar\/nuevacarp\/wp-json\/wp\/v2\/product"}],"about":[{"href":"https:\/\/pntlubricantes.com.ar\/nuevacarp\/wp-json\/wp\/v2\/types\/product"}],"replies":[{"embeddable":true,"href":"https:\/\/pntlubricantes.com.ar\/nuevacarp\/wp-json\/wp\/v2\/comments?post=803"}],"wp:featuredmedia":[{"embeddable":true,"href":"https:\/\/pntlubricantes.com.ar\/nuevacarp\/wp-json\/wp\/v2\/media\/804"}],"wp:attachment":[{"href":"https:\/\/pntlubricantes.com.ar\/nuevacarp\/wp-json\/wp\/v2\/media?parent=803"}],"wp:term":[{"taxonomy":"product_brand","embeddable":true,"href":"https:\/\/pntlubricantes.com.ar\/nuevacarp\/wp-json\/wp\/v2\/product_brand?post=803"},{"taxonomy":"product_cat","embeddable":true,"href":"https:\/\/pntlubricantes.com.ar\/nuevacarp\/wp-json\/wp\/v2\/product_cat?post=803"},{"taxonomy":"product_tag","embeddable":true,"href":"https:\/\/pntlubricantes.com.ar\/nuevacarp\/wp-json\/wp\/v2\/product_tag?post=803"}],"curies":[{"name":"wp","href":"https:\/\/api.w.org\/{rel}","templated":true}]}}